{"id":12,"date":"2025-01-02T16:00:19","date_gmt":"2025-01-02T16:00:19","guid":{"rendered":"https:\/\/autoschildergross.de\/?page_id=12"},"modified":"2025-01-03T14:47:37","modified_gmt":"2025-01-03T14:47:37","slug":"zulassungsdienst-wilhelmshaven","status":"publish","type":"page","link":"https:\/\/autoschildergross.de\/","title":{"rendered":"Homepage"},"content":{"rendered":"\n<div class=\"wp-block-group alignfull has-global-padding is-layout-constrained wp-container-core-group-is-layout-0c9c989a wp-block-group-is-layout-constrained\" style=\"min-height:0vh;margin-top:0;margin-bottom:0;padding-top:var(--wp--preset--spacing--70);padding-right:var(--wp--preset--spacing--40);padding-bottom:var(--wp--preset--spacing--70);padding-left:var(--wp--preset--spacing--40)\">\n<div class=\"wp-block-group has-global-padding is-layout-constrained wp-container-core-group-is-layout-346627ba wp-block-group-is-layout-constrained\">\n<h2 class=\"wp-block-heading has-text-align-center has-xx-large-font-size\" style=\"margin-right:0;margin-left:0;padding-right:0;padding-left:0\">Ganz einfach und schnell &#8211; Ihr Zulassungsdienst Wilhelmshaven<\/h2>\n\n\n\n<p class=\"has-text-align-center\">Zulassungsdienst Wilhelmshaven Autoschilder Gro\u00df: Alles von Ab-, An- und Ummeldungen \u00fcber Neuzulassungen hinweg zu Ausfuhr- und Kurzzeitversicherungen.<\/p>\n\n\n\n<div class=\"wp-block-buttons is-content-justification-center is-layout-flex wp-container-core-buttons-is-layout-a89b3969 wp-block-buttons-is-layout-flex\">\n<div class=\"wp-block-button\"><a class=\"wp-block-button__link wp-element-button\" href=\"https:\/\/autoschildergross.de\/?page_id=46\">Preisliste<\/a><\/div>\n<\/div>\n<\/div>\n<\/div>\n\n\n\n<div class=\"wp-block-group alignfull is-style-section-1 has-background has-global-padding is-layout-constrained wp-block-group-is-layout-constrained is-style-section-1--1\" style=\"background-color:#fff9f9;margin-top:0;margin-bottom:0;padding-top:var(--wp--preset--spacing--80);padding-bottom:var(--wp--preset--spacing--80)\">\n<div class=\"wp-block-columns alignwide is-layout-flex wp-container-core-columns-is-layout-66fad18a wp-block-columns-is-layout-flex\">\n<div class=\"wp-block-column is-layout-flow wp-block-column-is-layout-flow\" style=\"padding-right:var(--wp--preset--spacing--50);flex-basis:45%\">\n<figure class=\"wp-block-image size-full\"><img loading=\"lazy\" decoding=\"async\" width=\"2560\" height=\"1920\" src=\"https:\/\/autoschildergross.de\/wp-content\/uploads\/2025\/01\/Autoschilder-Gros-Wilhelmshaven-Rezeption-scaled.jpg\" alt=\"zulassungsdienst-wilhelmshaven-autoschilder-gro\u00df-eingang\" class=\"wp-image-17\" srcset=\"https:\/\/autoschildergross.de\/wp-content\/uploads\/2025\/01\/Autoschilder-Gros-Wilhelmshaven-Rezeption-scaled.jpg 2560w, https:\/\/autoschildergross.de\/wp-content\/uploads\/2025\/01\/Autoschilder-Gros-Wilhelmshaven-Rezeption-300x225.jpg 300w, https:\/\/autoschildergross.de\/wp-content\/uploads\/2025\/01\/Autoschilder-Gros-Wilhelmshaven-Rezeption-1024x768.jpg 1024w, https:\/\/autoschildergross.de\/wp-content\/uploads\/2025\/01\/Autoschilder-Gros-Wilhelmshaven-Rezeption-768x576.jpg 768w, https:\/\/autoschildergross.de\/wp-content\/uploads\/2025\/01\/Autoschilder-Gros-Wilhelmshaven-Rezeption-1536x1152.jpg 1536w, https:\/\/autoschildergross.de\/wp-content\/uploads\/2025\/01\/Autoschilder-Gros-Wilhelmshaven-Rezeption-2048x1536.jpg 2048w\" sizes=\"auto, (max-width: 2560px) 100vw, 2560px\" \/><\/figure>\n\n\n\n<div class=\"wp-block-group has-global-padding is-layout-constrained wp-block-group-is-layout-constrained\" style=\"margin-top:-12vw\">\n<figure class=\"wp-block-image alignright size-full is-resized\" style=\"margin-right:-5vw;margin-left:-5vw\"><img loading=\"lazy\" decoding=\"async\" width=\"1200\" height=\"1200\" src=\"https:\/\/autoschildergross.de\/wp-content\/uploads\/2025\/01\/Autoschilder-Gros.jpg\" alt=\"autoschilder-gro\u00df-symbol\" class=\"wp-image-16\" style=\"width:202px\" srcset=\"https:\/\/autoschildergross.de\/wp-content\/uploads\/2025\/01\/Autoschilder-Gros.jpg 1200w, https:\/\/autoschildergross.de\/wp-content\/uploads\/2025\/01\/Autoschilder-Gros-300x300.jpg 300w, https:\/\/autoschildergross.de\/wp-content\/uploads\/2025\/01\/Autoschilder-Gros-1024x1024.jpg 1024w, https:\/\/autoschildergross.de\/wp-content\/uploads\/2025\/01\/Autoschilder-Gros-150x150.jpg 150w, https:\/\/autoschildergross.de\/wp-content\/uploads\/2025\/01\/Autoschilder-Gros-768x768.jpg 768w\" sizes=\"auto, (max-width: 1200px) 100vw, 1200px\" \/><\/figure>\n<\/div>\n<\/div>\n\n\n\n<div class=\"wp-block-column is-vertically-aligned-center is-layout-flow wp-block-column-is-layout-flow\" style=\"padding-right:0;padding-left:0;flex-basis:50%\">\n<div class=\"wp-block-group is-vertical is-layout-flex wp-container-core-group-is-layout-fe9cc265 wp-block-group-is-layout-flex\">\n<h2 class=\"wp-block-heading is-style-text-annotation is-style-text-annotation--2\">Zulassungsdienst Wilhelmshaven<\/h2>\n<\/div>\n\n\n\n<p class=\"is-style-text-subtitle is-style-text-subtitle--3\"><strong>Autoschilder Gro\u00df<\/strong> ist ein familiengef\u00fchrter Zulassungsdienst welcher sich genau im Herz der Stadt Wilhelmshaven am Rathausplatz befindet und folglich seit \u00fcber sechs Jahren und dar\u00fcber hinaus mit hochqualitativen Service und einem kundenfreundlichen Auftreten den Kunden zu Diensten steht.<\/p>\n<\/div>\n<\/div>\n<\/div>\n\n\n\n<div class=\"wp-block-group alignfull has-global-padding is-layout-constrained wp-container-core-group-is-layout-ebee8dc1 wp-block-group-is-layout-constrained\" style=\"margin-top:0;margin-bottom:0;padding-top:var(--wp--preset--spacing--50);padding-bottom:var(--wp--preset--spacing--50)\">\n<h2 class=\"wp-block-heading alignwide\">Unsere Dienstleistungen einfach und infolge von drei Schritten<\/h2>\n\n\n\n<div class=\"wp-block-columns alignwide is-layout-flex wp-container-core-columns-is-layout-28f84493 wp-block-columns-is-layout-flex\">\n<div class=\"wp-block-column is-layout-flow wp-block-column-is-layout-flow\">\n<figure class=\"wp-block-image size-full\" style=\"margin-bottom:24px\"><img loading=\"lazy\" decoding=\"async\" width=\"480\" height=\"480\" src=\"https:\/\/autoschildergross.de\/wp-content\/uploads\/2025\/01\/WHV-FSP-AB12-New-Scaled.png\" alt=\"zulassungsdienst-wilhelmshaven-feinstaubplakette\" class=\"wp-image-19\" style=\"aspect-ratio:4\/3;object-fit:contain\" srcset=\"https:\/\/autoschildergross.de\/wp-content\/uploads\/2025\/01\/WHV-FSP-AB12-New-Scaled.png 480w, https:\/\/autoschildergross.de\/wp-content\/uploads\/2025\/01\/WHV-FSP-AB12-New-Scaled-300x300.png 300w, https:\/\/autoschildergross.de\/wp-content\/uploads\/2025\/01\/WHV-FSP-AB12-New-Scaled-150x150.png 150w\" sizes=\"auto, (max-width: 480px) 100vw, 480px\" \/><\/figure>\n\n\n\n<h3 class=\"wp-block-heading\">Erstens &#8211; Die Gr\u00fcne Feinstaubplakette<\/h3>\n\n\n\n<p class=\"has-medium-font-size\">Haben Sie Pl\u00e4ne durch <a href=\"https:\/\/www.bund-bremen.net\/mobilitaet\/verkehr-und-gesundheit\/umweltzone\/\">Umweltzonen wie die in Bremen<\/a> zu fahren? Holen Sie sich in ein paar Minuten Ihre gr\u00fcne Feinstaubplakette noch heute bei uns ab und vermeiden Sie die schmerzhaften Bu\u00dfgelder der St\u00e4dte zum Beispiel von Bremen!<\/p>\n<\/div>\n\n\n\n<div class=\"wp-block-column is-layout-flow wp-block-column-is-layout-flow\">\n<figure class=\"wp-block-image size-full\" style=\"margin-bottom:24px\"><img loading=\"lazy\" decoding=\"async\" width=\"800\" height=\"165\" src=\"https:\/\/autoschildergross.de\/wp-content\/uploads\/2025\/01\/WHV-AB-12-Onlinestreet.de_.png\" alt=\"zulassungsdienst-wilhelmshaven-kennzeichen\" class=\"wp-image-21\" style=\"aspect-ratio:4\/3;object-fit:contain\" srcset=\"https:\/\/autoschildergross.de\/wp-content\/uploads\/2025\/01\/WHV-AB-12-Onlinestreet.de_.png 800w, https:\/\/autoschildergross.de\/wp-content\/uploads\/2025\/01\/WHV-AB-12-Onlinestreet.de_-300x62.png 300w, https:\/\/autoschildergross.de\/wp-content\/uploads\/2025\/01\/WHV-AB-12-Onlinestreet.de_-768x158.png 768w\" sizes=\"auto, (max-width: 800px) 100vw, 800px\" \/><\/figure>\n\n\n\n<h3 class=\"wp-block-heading\">Zweitens &#8211; Die Wunschkennzeichen<\/h3>\n\n\n\n<p class=\"has-medium-font-size\">Haben Sie Ihr Kennzeichen <a href=\"https:\/\/www.wilhelmshaven.de\/Stadtverwaltung\/Dienststellen\/32_Oeffentliche_Sicherheit_und_Ordnung\/32-00_KFZ-Zulassung\/Kfz-Wunschkennzeichen.php\">bereits reserviert<\/a> oder brauchen Sie noch eines? Seien Sie vor Ort doch dabei wenn Ihre Kennzeichen reserviert werden w\u00e4hrend unsere Mitarbeiter dort in Minuten Ihre Kennzeichen frisch und warm pressen werden!<\/p>\n<\/div>\n\n\n\n<div class=\"wp-block-column is-layout-flow wp-block-column-is-layout-flow\">\n<figure class=\"wp-block-image size-full\" style=\"margin-bottom:24px\"><img loading=\"lazy\" decoding=\"async\" width=\"1200\" height=\"1200\" src=\"https:\/\/autoschildergross.de\/wp-content\/uploads\/2025\/01\/Autoschilder-Gros2.jpg\" alt=\"autoschilder-gro\u00df-logo\" class=\"wp-image-23\" style=\"aspect-ratio:4\/3;object-fit:cover\" srcset=\"https:\/\/autoschildergross.de\/wp-content\/uploads\/2025\/01\/Autoschilder-Gros2.jpg 1200w, https:\/\/autoschildergross.de\/wp-content\/uploads\/2025\/01\/Autoschilder-Gros2-300x300.jpg 300w, https:\/\/autoschildergross.de\/wp-content\/uploads\/2025\/01\/Autoschilder-Gros2-1024x1024.jpg 1024w, https:\/\/autoschildergross.de\/wp-content\/uploads\/2025\/01\/Autoschilder-Gros2-150x150.jpg 150w, https:\/\/autoschildergross.de\/wp-content\/uploads\/2025\/01\/Autoschilder-Gros2-768x768.jpg 768w\" sizes=\"auto, (max-width: 1200px) 100vw, 1200px\" \/><\/figure>\n\n\n\n<h3 class=\"wp-block-heading\">Drittens &#8211; Die Zulassung Wilhelmshaven<\/h3>\n\n\n\n<p class=\"has-medium-font-size\">Keine Lust und Laune aufgrund der langen Wartezeiten im Wartebereich zu sitzen zumal Sie anderweitig besch\u00e4ftigt sind? Machen Sie nie wieder den Beamtengang denn wir \u00fcbernehmen diesen damit Sie folglich woanders sein k\u00f6nnen!<\/p>\n<\/div>\n<\/div>\n<\/div>\n\n\n\n<div class=\"wp-block-group alignfull has-global-padding is-layout-constrained wp-block-group-is-layout-constrained\" style=\"margin-top:0;margin-bottom:0;padding-top:var(--wp--preset--spacing--60);padding-bottom:var(--wp--preset--spacing--60)\">\n<div class=\"wp-block-columns alignwide is-layout-flex wp-container-core-columns-is-layout-74b2cda3 wp-block-columns-is-layout-flex\">\n<div class=\"wp-block-column is-layout-flow wp-block-column-is-layout-flow\">\n<div class=\"wp-block-group is-vertical is-layout-flex wp-container-core-group-is-layout-41fdfdc5 wp-block-group-is-layout-flex\" style=\"min-height:100%\">\n<h2 class=\"wp-block-heading is-style-text-annotation has-x-small-font-size is-style-text-annotation--4\">Unserer Kunden in Wilhelmshaven<\/h2>\n\n\n\n<blockquote class=\"wp-block-quote is-layout-flow wp-block-quote-is-layout-flow\">\n<p>&#8220;Stets freundlich, toller Service!&#8221;<\/p>\n<\/blockquote>\n\n\n\n<blockquote class=\"wp-block-quote is-layout-flow wp-block-quote-is-layout-flow\">\n<p>&#8220;Immer freundlich und Hilfsbereit.&#8221;<\/p>\n<\/blockquote>\n\n\n\n<blockquote class=\"wp-block-quote is-layout-flow wp-block-quote-is-layout-flow\">\n<p>&#8220;Sehr netter und unkomplizierter Kontakt!&#8221;<\/p>\n<\/blockquote>\n\n\n\n<blockquote class=\"wp-block-quote is-layout-flow wp-block-quote-is-layout-flow\">\n<p>&#8220;Sehr nett und kompetent.&#8221;<\/p>\n<\/blockquote>\n<\/div>\n<\/div>\n\n\n\n<div class=\"wp-block-column is-layout-flow wp-block-column-is-layout-flow\" style=\"padding-top:0;padding-right:0;padding-bottom:0;padding-left:0\">\n<figure class=\"wp-block-image size-large\"><img loading=\"lazy\" decoding=\"async\" width=\"765\" height=\"1024\" src=\"https:\/\/autoschildergross.de\/wp-content\/uploads\/2025\/01\/Rathaus5-min-765x1024.jpg\" alt=\"rathaus-l\u00f6we\" class=\"wp-image-27\" style=\"aspect-ratio:1;object-fit:cover\" srcset=\"https:\/\/autoschildergross.de\/wp-content\/uploads\/2025\/01\/Rathaus5-min-765x1024.jpg 765w, https:\/\/autoschildergross.de\/wp-content\/uploads\/2025\/01\/Rathaus5-min-224x300.jpg 224w, https:\/\/autoschildergross.de\/wp-content\/uploads\/2025\/01\/Rathaus5-min-768x1028.jpg 768w, https:\/\/autoschildergross.de\/wp-content\/uploads\/2025\/01\/Rathaus5-min-1148x1536.jpg 1148w, https:\/\/autoschildergross.de\/wp-content\/uploads\/2025\/01\/Rathaus5-min-1531x2048.jpg 1531w, https:\/\/autoschildergross.de\/wp-content\/uploads\/2025\/01\/Rathaus5-min-scaled.jpg 1913w\" sizes=\"auto, (max-width: 765px) 100vw, 765px\" \/><\/figure>\n<\/div>\n<\/div>\n<\/div>\n\n\n\n<div class=\"wp-block-group alignfull has-global-padding is-layout-constrained wp-block-group-is-layout-constrained\" style=\"margin-top:0;margin-bottom:0;padding-top:var(--wp--preset--spacing--60);padding-bottom:var(--wp--preset--spacing--60)\">\n<h2 class=\"wp-block-heading alignwide has-text-align-center\">Das bietet unser Zulassungsdienst Wilhelmshaven<\/h2>\n\n\n\n<p class=\"has-text-align-center\">Unsere wichtigsten Produkte und Dienstleistungen kurzum<\/p>\n\n\n\n<div style=\"height:var(--wp--preset--spacing--40)\" aria-hidden=\"true\" class=\"wp-block-spacer\"><\/div>\n\n\n\n<div class=\"wp-block-columns alignwide is-layout-flex wp-container-core-columns-is-layout-1d9f35bd wp-block-columns-is-layout-flex\">\n<div class=\"wp-block-column has-border-color is-layout-flow wp-block-column-is-layout-flow\" style=\"border-color:var(--wp--preset--color--accent-6);border-width:1px;border-radius:10px;padding-top:var(--wp--preset--spacing--50);padding-right:var(--wp--preset--spacing--50);padding-bottom:var(--wp--preset--spacing--50);padding-left:var(--wp--preset--spacing--50)\">\n<h3 class=\"wp-block-heading\" id=\"free\">Druck von Kennzeichen<\/h3>\n\n\n\n<p class=\"has-large-font-size\"><\/p>\n\n\n\n<ul style=\"padding-bottom:var(--wp--preset--spacing--20);padding-left:var(--wp--preset--spacing--20)\" class=\"wp-block-list is-style-checkmark-list has-small-font-size\">\n<li>Wunschkennzeichen \/ Parkkennzeichen<\/li>\n\n\n\n<li>Ausfuhrkennzeichen (Rote Schilder)<\/li>\n\n\n\n<li>Kurzzeitkennzeichen (Gelbe Schilder)<\/li>\n\n\n\n<li>H\u00e4ndlerkennzeichen (Rote Schrift)<\/li>\n\n\n\n<li>Steuerfreie Kennzeichen (Gr\u00fcne Schilder)<\/li>\n<\/ul>\n\n\n\n<div class=\"wp-block-buttons is-content-justification-center is-layout-flex wp-container-core-buttons-is-layout-a89b3969 wp-block-buttons-is-layout-flex\">\n<div class=\"wp-block-button has-custom-width wp-block-button__width-100\"><a class=\"wp-block-button__link wp-element-button\" href=\"https:\/\/autoschildergross.de\/?page_id=46\">Preisliste<\/a><\/div>\n<\/div>\n<\/div>\n\n\n\n<div class=\"wp-block-column has-border-color is-layout-flow wp-block-column-is-layout-flow\" style=\"border-color:var(--wp--preset--color--accent-6);border-width:1px;border-radius:10px;padding-top:var(--wp--preset--spacing--50);padding-right:var(--wp--preset--spacing--50);padding-bottom:var(--wp--preset--spacing--50);padding-left:var(--wp--preset--spacing--50)\">\n<h3 class=\"wp-block-heading\" id=\"single\">Alles zur Zulassung<\/h3>\n\n\n\n<p class=\"has-large-font-size\"><\/p>\n\n\n\n<ul style=\"padding-bottom:var(--wp--preset--spacing--20);padding-left:var(--wp--preset--spacing--20)\" class=\"wp-block-list is-style-checkmark-list has-small-font-size\">\n<li>Zulassung MIT oder OHNE Schilder zzgl. Amtsgeb\u00fchren<\/li>\n\n\n\n<li>Ausfuhrversicherung 9\/15\/30 Tage<\/li>\n\n\n\n<li>Kurzzeitversicherung innerhalb Europa<\/li>\n\n\n\n<li>Amtliche \u00c4nderungsma\u00dfnahmen<\/li>\n\n\n\n<li>Deutsche Adresse<\/li>\n<\/ul>\n\n\n\n<div class=\"wp-block-buttons is-content-justification-center is-layout-flex wp-container-core-buttons-is-layout-a89b3969 wp-block-buttons-is-layout-flex\">\n<div class=\"wp-block-button has-custom-width wp-block-button__width-100\"><a class=\"wp-block-button__link wp-element-button\" href=\"https:\/\/autoschildergross.de\/?page_id=46\">Preisliste<\/a><\/div>\n<\/div>\n<\/div>\n<\/div>\n<\/div>\n\n\n\n<aside class=\"wp-block-group alignfull is-style-section-3 has-background has-global-padding is-layout-constrained wp-container-core-group-is-layout-b25ccd55 wp-block-group-is-layout-constrained is-style-section-3--5\" style=\"background-color:#fff9f9;margin-top:0;margin-bottom:0;padding-top:var(--wp--preset--spacing--50);padding-right:var(--wp--preset--spacing--50);padding-bottom:var(--wp--preset--spacing--50);padding-left:var(--wp--preset--spacing--50)\">\n<div class=\"wp-block-group is-vertical is-content-justification-center is-layout-flex wp-container-core-group-is-layout-8778ca4a wp-block-group-is-layout-flex\" style=\"min-height:360px;margin-top:0;margin-bottom:0\">\n<h2 class=\"wp-block-heading has-text-align-center has-xx-large-font-size\">Kontaktieren Sie doch unseren Zulassungsdienst Wilhelmshaven!<\/h2>\n\n\n\n<p class=\"has-text-align-center is-style-text-subtitle is-style-text-subtitle--6\">Falls Sie noch fragen zu unseren Produkten, Dienstleistungen und ferner anderen Interessen die Sie haben, besuchen Sie uns doch im Gesch\u00e4ft, rufen Sie entweder bei uns telefonisch durch bzw. senden Sie eine E-Mail daf\u00fcr direkt an Autoschilder Gro\u00df &#8211; wir sind immer w\u00e4hrend der Gesch\u00e4ftszeiten f\u00fcr Sie da:<\/p>\n\n\n\n<div class=\"wp-block-buttons is-layout-flex wp-block-buttons-is-layout-flex\">\n<div class=\"wp-block-button\"><a class=\"wp-block-button__link wp-element-button\">+49 4421 4825370<\/a><\/div>\n\n\n\n<div class=\"wp-block-button\"><a class=\"wp-block-button__link wp-element-button\">info@autoschildergross.de<\/a><\/div>\n<\/div>\n\n\n\n<hr class=\"wp-block-separator has-alpha-channel-opacity\"\/>\n<\/div>\n<\/aside>\n\n\n\n<div class=\"wp-block-columns is-layout-flex wp-container-core-columns-is-layout-28f84493 wp-block-columns-is-layout-flex\">\n<div class=\"wp-block-column is-layout-flow wp-block-column-is-layout-flow\">\n<p class=\"has-text-align-center\"><a href=\"https:\/\/autoschildergross.de\/?page_id=2\">Impressum<\/a><\/p>\n<\/div>\n\n\n\n<div class=\"wp-block-column is-layout-flow wp-block-column-is-layout-flow\">\n<p class=\"has-text-align-center\">Datenschutzerkl\u00e4rung<\/p>\n<\/div>\n<\/div>\n\n\n\n<p><\/p>\n","protected":false},"excerpt":{"rendered":"<p>Ganz einfach und schnell &#8211; Ihr Zulassungsdienst Wilhelmshaven Zulassungsdienst Wilhelmshaven Autoschilder Gro\u00df: Alles von Ab-, An- und Ummeldungen \u00fcber Neuzulassungen hinweg zu Ausfuhr- und Kurzzeitversicherungen. Zulassungsdienst Wilhelmshaven Autoschilder Gro\u00df ist ein familiengef\u00fchrter Zulassungsdienst welcher sich genau im Herz der Stadt Wilhelmshaven am Rathausplatz befindet und folglich seit \u00fcber sechs Jahren und dar\u00fcber hinaus mit hochqualitativen [&hellip;]<\/p>\n","protected":false},"author":1,"featured_media":0,"parent":0,"menu_order":1,"comment_status":"closed","ping_status":"closed","template":"page-no-title","meta":{"footnotes":""},"class_list":["post-12","page","type-page","status-publish","hentry"],"yoast_head":"<!-- This site is optimized with the Yoast SEO plugin v24.1 - https:\/\/yoast.com\/wordpress\/plugins\/seo\/ -->\n<title>Zulassungsdienst Wilhelmshaven - Autoschilder Gro\u00df<\/title>\n<meta name=\"description\" content=\"Von der Feinstaubplakette, KFZ-Kennzeichen bis hin zum schnellen Zulassungsdienst Wilhelmshaven: Autoschilder Gro\u00df steht Ihnen zu Diensten.\" \/>\n<meta name=\"robots\" content=\"index, follow, max-snippet:-1, max-image-preview:large, max-video-preview:-1\" \/>\n<link rel=\"canonical\" href=\"https:\/\/autoschildergross.de\/\" \/>\n<meta property=\"og:locale\" content=\"en_US\" \/>\n<meta property=\"og:type\" content=\"article\" \/>\n<meta property=\"og:title\" content=\"Zulassungsdienst Wilhelmshaven - Autoschilder Gro\u00df\" \/>\n<meta property=\"og:description\" content=\"Von der Feinstaubplakette, KFZ-Kennzeichen bis hin zum schnellen Zulassungsdienst Wilhelmshaven: Autoschilder Gro\u00df steht Ihnen zu Diensten.\" \/>\n<meta property=\"og:url\" content=\"https:\/\/autoschildergross.de\/\" \/>\n<meta property=\"article:modified_time\" content=\"2025-01-03T14:47:37+00:00\" \/>\n<meta property=\"og:image\" content=\"https:\/\/autoschildergross.de\/wp-content\/uploads\/2025\/01\/Autoschilder-Gros-Wilhelmshaven-Rezeption-scaled.jpg\" \/>\n\t<meta property=\"og:image:width\" content=\"2560\" \/>\n\t<meta property=\"og:image:height\" content=\"1920\" \/>\n\t<meta property=\"og:image:type\" content=\"image\/jpeg\" \/>\n<meta name=\"twitter:card\" content=\"summary_large_image\" \/>\n<meta name=\"twitter:label1\" content=\"Est. reading time\" \/>\n\t<meta name=\"twitter:data1\" content=\"3 minutes\" \/>\n<script type=\"application\/ld+json\" class=\"yoast-schema-graph\">{\"@context\":\"https:\/\/schema.org\",\"@graph\":[{\"@type\":\"WebPage\",\"@id\":\"https:\/\/autoschildergross.de\/\",\"url\":\"https:\/\/autoschildergross.de\/\",\"name\":\"Zulassungsdienst Wilhelmshaven - Autoschilder Gro\u00df\",\"isPartOf\":{\"@id\":\"https:\/\/autoschildergross.de\/#website\"},\"primaryImageOfPage\":{\"@id\":\"https:\/\/autoschildergross.de\/#primaryimage\"},\"image\":{\"@id\":\"https:\/\/autoschildergross.de\/#primaryimage\"},\"thumbnailUrl\":\"https:\/\/autoschildergross.de\/wp-content\/uploads\/2025\/01\/Autoschilder-Gros-Wilhelmshaven-Rezeption-scaled.jpg\",\"datePublished\":\"2025-01-02T16:00:19+00:00\",\"dateModified\":\"2025-01-03T14:47:37+00:00\",\"description\":\"Von der Feinstaubplakette, KFZ-Kennzeichen bis hin zum schnellen Zulassungsdienst Wilhelmshaven: Autoschilder Gro\u00df steht Ihnen zu Diensten.\",\"breadcrumb\":{\"@id\":\"https:\/\/autoschildergross.de\/#breadcrumb\"},\"inLanguage\":\"en\",\"potentialAction\":[{\"@type\":\"ReadAction\",\"target\":[\"https:\/\/autoschildergross.de\/\"]}]},{\"@type\":\"ImageObject\",\"inLanguage\":\"en\",\"@id\":\"https:\/\/autoschildergross.de\/#primaryimage\",\"url\":\"https:\/\/autoschildergross.de\/wp-content\/uploads\/2025\/01\/Autoschilder-Gros-Wilhelmshaven-Rezeption-scaled.jpg\",\"contentUrl\":\"https:\/\/autoschildergross.de\/wp-content\/uploads\/2025\/01\/Autoschilder-Gros-Wilhelmshaven-Rezeption-scaled.jpg\",\"width\":2560,\"height\":1920,\"caption\":\"zulassungsdienst-wilhelmshaven-autoschilder-gro\u00df-eingang\"},{\"@type\":\"BreadcrumbList\",\"@id\":\"https:\/\/autoschildergross.de\/#breadcrumb\",\"itemListElement\":[{\"@type\":\"ListItem\",\"position\":1,\"name\":\"Home\",\"item\":\"https:\/\/autoschildergross.de\/\"},{\"@type\":\"ListItem\",\"position\":2,\"name\":\"Homepage\"}]},{\"@type\":\"WebSite\",\"@id\":\"https:\/\/autoschildergross.de\/#website\",\"url\":\"https:\/\/autoschildergross.de\/\",\"name\":\"\",\"description\":\"Just another WordPress site\",\"potentialAction\":[{\"@type\":\"SearchAction\",\"target\":{\"@type\":\"EntryPoint\",\"urlTemplate\":\"https:\/\/autoschildergross.de\/?s={search_term_string}\"},\"query-input\":{\"@type\":\"PropertyValueSpecification\",\"valueRequired\":true,\"valueName\":\"search_term_string\"}}],\"inLanguage\":\"en\"}]}<\/script>\n<!-- \/ Yoast SEO plugin. -->","yoast_head_json":{"title":"Zulassungsdienst Wilhelmshaven - Autoschilder Gro\u00df","description":"Von der Feinstaubplakette, KFZ-Kennzeichen bis hin zum schnellen Zulassungsdienst Wilhelmshaven: Autoschilder Gro\u00df steht Ihnen zu Diensten.","robots":{"index":"index","follow":"follow","max-snippet":"max-snippet:-1","max-image-preview":"max-image-preview:large","max-video-preview":"max-video-preview:-1"},"canonical":"https:\/\/autoschildergross.de\/","og_locale":"en_US","og_type":"article","og_title":"Zulassungsdienst Wilhelmshaven - Autoschilder Gro\u00df","og_description":"Von der Feinstaubplakette, KFZ-Kennzeichen bis hin zum schnellen Zulassungsdienst Wilhelmshaven: Autoschilder Gro\u00df steht Ihnen zu Diensten.","og_url":"https:\/\/autoschildergross.de\/","article_modified_time":"2025-01-03T14:47:37+00:00","og_image":[{"width":2560,"height":1920,"url":"https:\/\/autoschildergross.de\/wp-content\/uploads\/2025\/01\/Autoschilder-Gros-Wilhelmshaven-Rezeption-scaled.jpg","type":"image\/jpeg"}],"twitter_card":"summary_large_image","twitter_misc":{"Est. reading time":"3 minutes"},"schema":{"@context":"https:\/\/schema.org","@graph":[{"@type":"WebPage","@id":"https:\/\/autoschildergross.de\/","url":"https:\/\/autoschildergross.de\/","name":"Zulassungsdienst Wilhelmshaven - Autoschilder Gro\u00df","isPartOf":{"@id":"https:\/\/autoschildergross.de\/#website"},"primaryImageOfPage":{"@id":"https:\/\/autoschildergross.de\/#primaryimage"},"image":{"@id":"https:\/\/autoschildergross.de\/#primaryimage"},"thumbnailUrl":"https:\/\/autoschildergross.de\/wp-content\/uploads\/2025\/01\/Autoschilder-Gros-Wilhelmshaven-Rezeption-scaled.jpg","datePublished":"2025-01-02T16:00:19+00:00","dateModified":"2025-01-03T14:47:37+00:00","description":"Von der Feinstaubplakette, KFZ-Kennzeichen bis hin zum schnellen Zulassungsdienst Wilhelmshaven: Autoschilder Gro\u00df steht Ihnen zu Diensten.","breadcrumb":{"@id":"https:\/\/autoschildergross.de\/#breadcrumb"},"inLanguage":"en","potentialAction":[{"@type":"ReadAction","target":["https:\/\/autoschildergross.de\/"]}]},{"@type":"ImageObject","inLanguage":"en","@id":"https:\/\/autoschildergross.de\/#primaryimage","url":"https:\/\/autoschildergross.de\/wp-content\/uploads\/2025\/01\/Autoschilder-Gros-Wilhelmshaven-Rezeption-scaled.jpg","contentUrl":"https:\/\/autoschildergross.de\/wp-content\/uploads\/2025\/01\/Autoschilder-Gros-Wilhelmshaven-Rezeption-scaled.jpg","width":2560,"height":1920,"caption":"zulassungsdienst-wilhelmshaven-autoschilder-gro\u00df-eingang"},{"@type":"BreadcrumbList","@id":"https:\/\/autoschildergross.de\/#breadcrumb","itemListElement":[{"@type":"ListItem","position":1,"name":"Home","item":"https:\/\/autoschildergross.de\/"},{"@type":"ListItem","position":2,"name":"Homepage"}]},{"@type":"WebSite","@id":"https:\/\/autoschildergross.de\/#website","url":"https:\/\/autoschildergross.de\/","name":"","description":"Just another WordPress site","potentialAction":[{"@type":"SearchAction","target":{"@type":"EntryPoint","urlTemplate":"https:\/\/autoschildergross.de\/?s={search_term_string}"},"query-input":{"@type":"PropertyValueSpecification","valueRequired":true,"valueName":"search_term_string"}}],"inLanguage":"en"}]}},"_links":{"self":[{"href":"https:\/\/autoschildergross.de\/index.php?rest_route=\/wp\/v2\/pages\/12","targetHints":{"allow":["GET"]}}],"collection":[{"href":"https:\/\/autoschildergross.de\/index.php?rest_route=\/wp\/v2\/pages"}],"about":[{"href":"https:\/\/autoschildergross.de\/index.php?rest_route=\/wp\/v2\/types\/page"}],"author":[{"embeddable":true,"href":"https:\/\/autoschildergross.de\/index.php?rest_route=\/wp\/v2\/users\/1"}],"replies":[{"embeddable":true,"href":"https:\/\/autoschildergross.de\/index.php?rest_route=%2Fwp%2Fv2%2Fcomments&post=12"}],"version-history":[{"count":24,"href":"https:\/\/autoschildergross.de\/index.php?rest_route=\/wp\/v2\/pages\/12\/revisions"}],"predecessor-version":[{"id":72,"href":"https:\/\/autoschildergross.de\/index.php?rest_route=\/wp\/v2\/pages\/12\/revisions\/72"}],"wp:attachment":[{"href":"https:\/\/autoschildergross.de\/index.php?rest_route=%2Fwp%2Fv2%2Fmedia&parent=12"}],"curies":[{"name":"wp","href":"https:\/\/api.w.org\/{rel}","templated":true}]}}